{"id":715,"date":"2018-04-29T20:11:54","date_gmt":"2018-04-29T20:11:54","guid":{"rendered":"http:\/\/ngccomputacion.com.mx\/?page_id=715"},"modified":"2018-04-29T20:11:55","modified_gmt":"2018-04-29T20:11:55","slug":"supercontabilidad-2","status":"publish","type":"page","link":"http:\/\/ngccomputacion.com.mx\/index.php\/supercontabilidad-2\/","title":{"rendered":"supercontabilidad"},"content":{"rendered":"<div id=\"pl-715\"  class=\"panel-layout\" ><div id=\"pg-715-0\"  class=\"panel-grid panel-no-style\" ><div id=\"pgc-715-0-0\"  class=\"panel-grid-cell\" ><div id=\"panel-715-0-0-0\" class=\"so-panel widget widget_text panel-first-child panel-last-child\" data-index=\"0\" >\t\t\t<div class=\"textwidget\"><p><strong>Es un sistema modular dise\u00f1ado para mantener la contabilidad al d\u00eda que permite tener un control total de los recursos financieros de su empresa<\/strong>.<\/p>\n<p>-M\u00f3dulo de reformas inflacionarias y\/o activos fijos.<\/p>\n<p>-M\u00f3dulo de carteras y\/o valor agregado fiscal.<\/p>\n<p>-M\u00f3dulo de unidades.<\/p>\n<p>-M\u00f3dulo de contabilidad por centros de costos.<\/p>\n<p>-M\u00f3dulo de presupuestos.<\/p>\n<p>-M\u00f3dulo de diot (declaraci\u00f3n informativa de operaciones con terceros) y\/o devoluci\u00f3n de iva.<\/p>\n<p>-M\u00f3dulo de cheque-p\u00f3liza, conciliaciones y flujo contra cuentas.<\/p>\n<p>-M\u00f3dulo de reportes en ingl\u00e9s y\/o cuentas en d\u00f3lares.<\/p>\n<p>-M\u00f3dulo de consolidaciones y\/o flujo por conceptos.<\/p>\n<p>-M\u00f3dulo de administraci\u00f3n de cfdi y\/o reexpresi\u00f3n b-10.<\/p>\n<p>-M\u00f3dulo de c\u00e9dulas desde excel.<\/p>\n<p>-M\u00f3dulo de gobierno conac (consejo nacional de armonizaci\u00f3n contab<\/p>\n<p>&nbsp;<\/p>\n<\/div>\n\t\t<\/div><\/div><div id=\"pgc-715-0-1\"  class=\"panel-grid-cell\" ><div id=\"panel-715-0-1-0\" class=\"so-panel widget widget_media_image panel-first-child panel-last-child\" data-index=\"1\" ><img loading=\"lazy\" decoding=\"async\" width=\"200\" height=\"150\" src=\"https:\/\/i0.wp.com\/ngccomputacion.com.mx\/wp-content\/uploads\/2018\/04\/SCmed.png?fit=200%2C150\" class=\"image wp-image-396  attachment-full size-full\" alt=\"\" style=\"max-width: 100%; height: auto;\" \/><\/div><\/div><\/div><\/div>","protected":false},"excerpt":{"rendered":"<p>Es un sistema modular dise\u00f1ado para mantener la contabilidad al d\u00eda que permite tener un control total de los recursos financieros de su empresa. -M\u00f3dulo de reformas inflacionarias y\/o activos fijos. -M\u00f3dulo de carteras y\/o valor agregado fiscal. -M\u00f3dulo de<\/p>\n","protected":false},"author":1,"featured_media":0,"parent":0,"menu_order":0,"comment_status":"closed","ping_status":"closed","template":"","meta":{"om_disable_all_campaigns":false,"_monsterinsights_skip_tracking":false,"_monsterinsights_sitenote_active":false,"_monsterinsights_sitenote_note":"","_monsterinsights_sitenote_category":0,"footnotes":""},"class_list":["post-715","page","type-page","status-publish","hentry"],"jetpack_sharing_enabled":true,"_links":{"self":[{"href":"http:\/\/ngccomputacion.com.mx\/index.php\/wp-json\/wp\/v2\/pages\/715","targetHints":{"allow":["GET"]}}],"collection":[{"href":"http:\/\/ngccomputacion.com.mx\/index.php\/wp-json\/wp\/v2\/pages"}],"about":[{"href":"http:\/\/ngccomputacion.com.mx\/index.php\/wp-json\/wp\/v2\/types\/page"}],"author":[{"embeddable":true,"href":"http:\/\/ngccomputacion.com.mx\/index.php\/wp-json\/wp\/v2\/users\/1"}],"replies":[{"embeddable":true,"href":"http:\/\/ngccomputacion.com.mx\/index.php\/wp-json\/wp\/v2\/comments?post=715"}],"version-history":[{"count":2,"href":"http:\/\/ngccomputacion.com.mx\/index.php\/wp-json\/wp\/v2\/pages\/715\/revisions"}],"predecessor-version":[{"id":717,"href":"http:\/\/ngccomputacion.com.mx\/index.php\/wp-json\/wp\/v2\/pages\/715\/revisions\/717"}],"wp:attachment":[{"href":"http:\/\/ngccomputacion.com.mx\/index.php\/wp-json\/wp\/v2\/media?parent=715"}],"curies":[{"name":"wp","href":"https:\/\/api.w.org\/{rel}","templated":true}]}}