{"id":712,"date":"2018-04-29T20:10:53","date_gmt":"2018-04-29T20:10:53","guid":{"rendered":"http:\/\/ngccomputacion.com.mx\/?page_id=712"},"modified":"2018-04-29T20:10:53","modified_gmt":"2018-04-29T20:10:53","slug":"superasistencia","status":"publish","type":"page","link":"http:\/\/ngccomputacion.com.mx\/index.php\/superasistencia\/","title":{"rendered":"superasistencia"},"content":{"rendered":"<div id=\"pl-712\"  class=\"panel-layout\" ><div id=\"pg-712-0\"  class=\"panel-grid panel-no-style\" ><div id=\"pgc-712-0-0\"  class=\"panel-grid-cell\" ><div id=\"panel-712-0-0-0\" class=\"so-panel widget widget_text panel-first-child panel-last-child\" data-index=\"0\" >\t\t\t<div class=\"textwidget\"><p><strong>Es un sistema de control efectivo de asistencia de personal por medio de lectores de alta tecnolog\u00eda.<\/strong><\/p>\n<p>-Registro de entradas y salidas<\/p>\n<p>-Horas extras.<\/p>\n<p>-Control de comedor.<\/p>\n<p>-Captura y generaci\u00f3n de incidencias.<\/p>\n<p>-Integraci\u00f3n total con SuperN\u00d3MINA<\/p>\n<p>-Definici\u00f3n de reglas para el pago de percepciones y deducciones.<\/p>\n<p>-Reportes generales<\/p>\n<p>-C\u00e1lculo y exportaci\u00f3n de pren\u00f3mina<\/p>\n<p>-Uso de horario f\u00e1cil y sencillo.<\/p>\n<p>&nbsp;<\/p>\n<\/div>\n\t\t<\/div><\/div><div id=\"pgc-712-0-1\"  class=\"panel-grid-cell\" ><div id=\"panel-712-0-1-0\" class=\"so-panel widget widget_media_image panel-first-child panel-last-child\" data-index=\"1\" ><img loading=\"lazy\" decoding=\"async\" width=\"200\" height=\"151\" src=\"https:\/\/i0.wp.com\/ngccomputacion.com.mx\/wp-content\/uploads\/2018\/04\/SAS.png?fit=200%2C151\" class=\"image wp-image-393  attachment-full size-full\" alt=\"\" style=\"max-width: 100%; height: auto;\" \/><\/div><\/div><\/div><\/div>","protected":false},"excerpt":{"rendered":"<p>Es un sistema de control efectivo de asistencia de personal por medio de lectores de alta tecnolog\u00eda. -Registro de entradas y salidas -Horas extras. -Control de comedor. -Captura y generaci\u00f3n de incidencias. -Integraci\u00f3n total con SuperN\u00d3MINA -Definici\u00f3n de reglas para<\/p>\n","protected":false},"author":1,"featured_media":0,"parent":0,"menu_order":0,"comment_status":"closed","ping_status":"closed","template":"page-templates\/page-builder.php","meta":{"om_disable_all_campaigns":false,"_monsterinsights_skip_tracking":false,"_monsterinsights_sitenote_active":false,"_monsterinsights_sitenote_note":"","_monsterinsights_sitenote_category":0,"footnotes":""},"class_list":["post-712","page","type-page","status-publish","hentry"],"jetpack_sharing_enabled":true,"_links":{"self":[{"href":"http:\/\/ngccomputacion.com.mx\/index.php\/wp-json\/wp\/v2\/pages\/712","targetHints":{"allow":["GET"]}}],"collection":[{"href":"http:\/\/ngccomputacion.com.mx\/index.php\/wp-json\/wp\/v2\/pages"}],"about":[{"href":"http:\/\/ngccomputacion.com.mx\/index.php\/wp-json\/wp\/v2\/types\/page"}],"author":[{"embeddable":true,"href":"http:\/\/ngccomputacion.com.mx\/index.php\/wp-json\/wp\/v2\/users\/1"}],"replies":[{"embeddable":true,"href":"http:\/\/ngccomputacion.com.mx\/index.php\/wp-json\/wp\/v2\/comments?post=712"}],"version-history":[{"count":2,"href":"http:\/\/ngccomputacion.com.mx\/index.php\/wp-json\/wp\/v2\/pages\/712\/revisions"}],"predecessor-version":[{"id":714,"href":"http:\/\/ngccomputacion.com.mx\/index.php\/wp-json\/wp\/v2\/pages\/712\/revisions\/714"}],"wp:attachment":[{"href":"http:\/\/ngccomputacion.com.mx\/index.php\/wp-json\/wp\/v2\/media?parent=712"}],"curies":[{"name":"wp","href":"https:\/\/api.w.org\/{rel}","templated":true}]}}