{"id":654,"date":"2018-04-26T18:59:40","date_gmt":"2018-04-26T18:59:40","guid":{"rendered":"http:\/\/ngccomputacion.com.mx\/?page_id=654"},"modified":"2018-04-29T19:43:21","modified_gmt":"2018-04-29T19:43:21","slug":"softrestaurant","status":"publish","type":"page","link":"http:\/\/ngccomputacion.com.mx\/index.php\/softrestaurant\/","title":{"rendered":"SoftRestaurant"},"content":{"rendered":"<div id=\"pl-654\"  class=\"panel-layout\" ><div id=\"pg-654-0\"  class=\"panel-grid panel-no-style\" ><div id=\"pgc-654-0-0\"  class=\"panel-grid-cell\" ><div id=\"panel-654-0-0-0\" class=\"so-panel widget widget_text panel-first-child panel-last-child\" data-index=\"0\" >\t\t\t<div class=\"textwidget\"><p>Es un sistema de control de restaurantes que facilita la operaci\u00f3n con distintos tipos de servicios que permiten reducir mermas, mejorar tiempos, costos y encontrar \u00e1reas de mejora para impulsar su negocio.<\/p>\n<p>-Control de punto de venta: Servicio comedor, r\u00e1pido y domicilio.<\/p>\n<p>-Administraci\u00f3n y control: Obtenga reportes necesarios para crear estrategias, incrementar sus ventas y dirigir mejor su negocio.<\/p>\n<p>-Control de costos: Podr\u00e1 dar de alta sus proveedores, presentaciones de insumos, stock m\u00ednimo y m\u00e1ximo, registrar compras y mucho m\u00e1s.<\/p>\n<p>-Reduzca mermas: Controle de manera eficiente sus recetas e inventarios, reduciendo mermas e incrementando sus ganancias.<\/p>\n<\/div>\n\t\t<\/div><\/div><div id=\"pgc-654-0-1\"  class=\"panel-grid-cell\" ><div id=\"panel-654-0-1-0\" class=\"so-panel widget widget_media_image panel-first-child panel-last-child\" data-index=\"1\" ><img loading=\"lazy\" decoding=\"async\" width=\"278\" height=\"130\" src=\"https:\/\/i0.wp.com\/ngccomputacion.com.mx\/wp-content\/uploads\/2018\/04\/8.0PRO.png?fit=278%2C130\" class=\"image wp-image-384  attachment-full size-full\" alt=\"\" style=\"max-width: 100%; height: auto;\" \/><\/div><\/div><\/div><\/div>","protected":false},"excerpt":{"rendered":"<p>Es un sistema de control de restaurantes que facilita la operaci\u00f3n con distintos tipos de servicios que permiten reducir mermas, mejorar tiempos, costos y encontrar \u00e1reas de mejora para impulsar su negocio.-Control de punto de venta: Servicio comedor, r\u00e1pido y<\/p>\n","protected":false},"author":1,"featured_media":384,"parent":0,"menu_order":0,"comment_status":"closed","ping_status":"closed","template":"page-templates\/page-builder.php","meta":{"om_disable_all_campaigns":false,"_monsterinsights_skip_tracking":false,"_monsterinsights_sitenote_active":false,"_monsterinsights_sitenote_note":"","_monsterinsights_sitenote_category":0,"footnotes":""},"class_list":["post-654","page","type-page","status-publish","has-post-thumbnail","hentry"],"jetpack_sharing_enabled":true,"_links":{"self":[{"href":"http:\/\/ngccomputacion.com.mx\/index.php\/wp-json\/wp\/v2\/pages\/654","targetHints":{"allow":["GET"]}}],"collection":[{"href":"http:\/\/ngccomputacion.com.mx\/index.php\/wp-json\/wp\/v2\/pages"}],"about":[{"href":"http:\/\/ngccomputacion.com.mx\/index.php\/wp-json\/wp\/v2\/types\/page"}],"author":[{"embeddable":true,"href":"http:\/\/ngccomputacion.com.mx\/index.php\/wp-json\/wp\/v2\/users\/1"}],"replies":[{"embeddable":true,"href":"http:\/\/ngccomputacion.com.mx\/index.php\/wp-json\/wp\/v2\/comments?post=654"}],"version-history":[{"count":10,"href":"http:\/\/ngccomputacion.com.mx\/index.php\/wp-json\/wp\/v2\/pages\/654\/revisions"}],"predecessor-version":[{"id":698,"href":"http:\/\/ngccomputacion.com.mx\/index.php\/wp-json\/wp\/v2\/pages\/654\/revisions\/698"}],"wp:featuredmedia":[{"embeddable":true,"href":"http:\/\/ngccomputacion.com.mx\/index.php\/wp-json\/wp\/v2\/media\/384"}],"wp:attachment":[{"href":"http:\/\/ngccomputacion.com.mx\/index.php\/wp-json\/wp\/v2\/media?parent=654"}],"curies":[{"name":"wp","href":"https:\/\/api.w.org\/{rel}","templated":true}]}}