{"id":446,"date":"2018-04-21T20:53:37","date_gmt":"2018-04-21T20:53:37","guid":{"rendered":"http:\/\/ngccomputacion.com.mx\/?page_id=446"},"modified":"2018-04-21T21:46:46","modified_gmt":"2018-04-21T21:46:46","slug":"asesorias-computacionales","status":"publish","type":"page","link":"http:\/\/ngccomputacion.com.mx\/index.php\/asesorias-computacionales\/","title":{"rendered":"ASESORIAS COMPUTACIONALES"},"content":{"rendered":"<div id=\"pl-446\"  class=\"panel-layout\" ><div id=\"pg-446-0\"  class=\"panel-grid panel-no-style\" ><div id=\"pgc-446-0-0\"  class=\"panel-grid-cell\" ><div id=\"panel-446-0-0-0\" class=\"so-panel widget widget_text panel-first-child panel-last-child\" data-index=\"0\" ><h3 class=\"widget-title\">Asesorias Computacionales<\/h3>\t\t\t<div class=\"textwidget\"><p class=\"txtform\" align=\"justify\">Nuestros servicios en asesorias computacionales abarcan desde problemas con el sistema operativo instalado en el equipo, hasta la restauraci\u00f3n del mismo o problemas con paquetes inform\u00e1ticos e infecciones de virus.<\/p>\n<p class=\"txtform\" align=\"justify\">Nuestros servicios garantiza la resoluci\u00f3n total de sus problemas o dudas en el uso de la computadora ayudando a que realice de una manera eficaz su trabajo.<\/p>\n<\/div>\n\t\t<\/div><\/div><div id=\"pgc-446-0-1\"  class=\"panel-grid-cell\" ><div id=\"panel-446-0-1-0\" class=\"so-panel widget widget_media_image panel-first-child panel-last-child\" data-index=\"1\" ><img loading=\"lazy\" decoding=\"async\" width=\"584\" height=\"439\" src=\"https:\/\/i0.wp.com\/ngccomputacion.com.mx\/wp-content\/uploads\/2018\/04\/asesorias.jpg?fit=584%2C439\" class=\"image wp-image-385  attachment-full size-full\" alt=\"\" style=\"max-width: 100%; height: auto;\" srcset=\"https:\/\/i0.wp.com\/ngccomputacion.com.mx\/wp-content\/uploads\/2018\/04\/asesorias.jpg?w=584 584w, https:\/\/i0.wp.com\/ngccomputacion.com.mx\/wp-content\/uploads\/2018\/04\/asesorias.jpg?resize=300%2C226 300w\" sizes=\"auto, (max-width: 584px) 100vw, 584px\" \/><\/div><\/div><\/div><\/div>","protected":false},"excerpt":{"rendered":"<p>Nuestros servicios en asesorias computacionales abarcan desde problemas con el sistema operativo instalado en el equipo, hasta la restauraci\u00f3n del mismo o problemas con paquetes inform\u00e1ticos e infecciones de virus. Nuestros servicios garantiza la resoluci\u00f3n total de sus problemas o<\/p>\n","protected":false},"author":1,"featured_media":0,"parent":0,"menu_order":0,"comment_status":"closed","ping_status":"closed","template":"page-templates\/page-builder.php","meta":{"om_disable_all_campaigns":false,"_monsterinsights_skip_tracking":false,"_monsterinsights_sitenote_active":false,"_monsterinsights_sitenote_note":"","_monsterinsights_sitenote_category":0,"footnotes":""},"class_list":["post-446","page","type-page","status-publish","hentry"],"jetpack_sharing_enabled":true,"_links":{"self":[{"href":"http:\/\/ngccomputacion.com.mx\/index.php\/wp-json\/wp\/v2\/pages\/446","targetHints":{"allow":["GET"]}}],"collection":[{"href":"http:\/\/ngccomputacion.com.mx\/index.php\/wp-json\/wp\/v2\/pages"}],"about":[{"href":"http:\/\/ngccomputacion.com.mx\/index.php\/wp-json\/wp\/v2\/types\/page"}],"author":[{"embeddable":true,"href":"http:\/\/ngccomputacion.com.mx\/index.php\/wp-json\/wp\/v2\/users\/1"}],"replies":[{"embeddable":true,"href":"http:\/\/ngccomputacion.com.mx\/index.php\/wp-json\/wp\/v2\/comments?post=446"}],"version-history":[{"count":3,"href":"http:\/\/ngccomputacion.com.mx\/index.php\/wp-json\/wp\/v2\/pages\/446\/revisions"}],"predecessor-version":[{"id":468,"href":"http:\/\/ngccomputacion.com.mx\/index.php\/wp-json\/wp\/v2\/pages\/446\/revisions\/468"}],"wp:attachment":[{"href":"http:\/\/ngccomputacion.com.mx\/index.php\/wp-json\/wp\/v2\/media?parent=446"}],"curies":[{"name":"wp","href":"https:\/\/api.w.org\/{rel}","templated":true}]}}