{"id":420,"date":"2018-04-21T20:07:12","date_gmt":"2018-04-21T20:07:12","guid":{"rendered":"http:\/\/ngccomputacion.com.mx\/?page_id=420"},"modified":"2018-04-25T18:55:42","modified_gmt":"2018-04-25T18:55:42","slug":"redes-3","status":"publish","type":"page","link":"http:\/\/ngccomputacion.com.mx\/index.php\/redes-3\/","title":{"rendered":"REDES"},"content":{"rendered":"<div id=\"pl-420\"  class=\"panel-layout\" ><div id=\"pg-420-0\"  class=\"panel-grid panel-no-style\" ><div id=\"pgc-420-0-0\"  class=\"panel-grid-cell\" ><div id=\"panel-420-0-0-0\" class=\"so-panel widget widget_text panel-first-child panel-last-child\" data-index=\"0\" ><h3 class=\"widget-title\">Instalaci\u00f3n de Redes<\/h3>\t\t\t<div class=\"textwidget\"><p class=\"txtform\" align=\"justify\">La mejor manera de maximizar la eficiencia de sus empleados y el mejor aprovechamiento de recursos en su empresa es a trav\u00e9s de una red, la cual le permitir\u00e1 reducir costos compartiendo la informaci\u00f3n y conocimientos de la cual depende su negocio.<\/p>\n<p class=\"txtform\" align=\"justify\">Con la instalaci\u00f3n de una red con cableado estructurado, podr\u00e1 disponer de una r\u00e1pida y segura conexi\u00f3n entre sus empleados para compartir sus archivos de manera f\u00e1cil.<\/p>\n<p class=\"txtform\" align=\"justify\">Las redes inal\u00e1mbricas le permiten tener la ventaja que no depender\u00e1 de cables para conectarse entre sus empleados, obteniendo una mayor flexibilidad de movimiento en su oficina.<\/p>\n<p class=\"txtform\" align=\"justify\">Servicios:<\/p>\n<p class=\"txtform\" align=\"justify\">\u2022\u00a0 Instalaci\u00f3n de cableado, racks, hubs, switches, routers, access points y todo lo necesario para formar la red.<\/p>\n<p class=\"txtform\" align=\"justify\">\u2022\u00a0 Instalaci\u00f3n y puesta a punto de Servidores, manejando S.O. como Microsoft Windows Server en sus diferentes versiones.<\/p>\n<p class=\"txtform\" align=\"justify\">\u2022\u00a0 Configuraci\u00f3n de recursos disponibles en la red (impresoras, archivos compartidos, etc.).<\/p>\n<p class=\"txtform\" align=\"justify\">\u2022\u00a0 Compartir su conexi\u00f3n de Internet en la red.<\/p>\n<\/div>\n\t\t<\/div><\/div><div id=\"pgc-420-0-1\"  class=\"panel-grid-cell\" ><div id=\"panel-420-0-1-0\" class=\"so-panel widget widget_media_image panel-first-child panel-last-child\" data-index=\"1\" ><img loading=\"lazy\" decoding=\"async\" width=\"600\" height=\"850\" src=\"https:\/\/i0.wp.com\/ngccomputacion.com.mx\/wp-content\/uploads\/2018\/04\/redes.png?fit=600%2C850\" class=\"image wp-image-390  attachment-full size-full\" alt=\"\" style=\"max-width: 100%; height: auto;\" srcset=\"https:\/\/i0.wp.com\/ngccomputacion.com.mx\/wp-content\/uploads\/2018\/04\/redes.png?w=600 600w, https:\/\/i0.wp.com\/ngccomputacion.com.mx\/wp-content\/uploads\/2018\/04\/redes.png?resize=212%2C300 212w\" sizes=\"auto, (max-width: 600px) 100vw, 600px\" \/><\/div><\/div><\/div><\/div>","protected":false},"excerpt":{"rendered":"<p>La mejor manera de maximizar la eficiencia de sus empleados y el mejor aprovechamiento de recursos en su empresa es a trav\u00e9s de una red, la cual le permitir\u00e1 reducir costos compartiendo la informaci\u00f3n y conocimientos de la cual depende<\/p>\n","protected":false},"author":1,"featured_media":0,"parent":0,"menu_order":0,"comment_status":"closed","ping_status":"closed","template":"page-templates\/page-builder.php","meta":{"om_disable_all_campaigns":false,"_monsterinsights_skip_tracking":false,"_monsterinsights_sitenote_active":false,"_monsterinsights_sitenote_note":"","_monsterinsights_sitenote_category":0,"footnotes":""},"class_list":["post-420","page","type-page","status-publish","hentry"],"jetpack_sharing_enabled":true,"_links":{"self":[{"href":"http:\/\/ngccomputacion.com.mx\/index.php\/wp-json\/wp\/v2\/pages\/420","targetHints":{"allow":["GET"]}}],"collection":[{"href":"http:\/\/ngccomputacion.com.mx\/index.php\/wp-json\/wp\/v2\/pages"}],"about":[{"href":"http:\/\/ngccomputacion.com.mx\/index.php\/wp-json\/wp\/v2\/types\/page"}],"author":[{"embeddable":true,"href":"http:\/\/ngccomputacion.com.mx\/index.php\/wp-json\/wp\/v2\/users\/1"}],"replies":[{"embeddable":true,"href":"http:\/\/ngccomputacion.com.mx\/index.php\/wp-json\/wp\/v2\/comments?post=420"}],"version-history":[{"count":6,"href":"http:\/\/ngccomputacion.com.mx\/index.php\/wp-json\/wp\/v2\/pages\/420\/revisions"}],"predecessor-version":[{"id":582,"href":"http:\/\/ngccomputacion.com.mx\/index.php\/wp-json\/wp\/v2\/pages\/420\/revisions\/582"}],"wp:attachment":[{"href":"http:\/\/ngccomputacion.com.mx\/index.php\/wp-json\/wp\/v2\/media?parent=420"}],"curies":[{"name":"wp","href":"https:\/\/api.w.org\/{rel}","templated":true}]}}